{"id":4451,"date":"2022-05-10T19:19:43","date_gmt":"2022-05-10T18:19:43","guid":{"rendered":"http:\/\/bdgf.se\/wp\/?page_id=4451"},"modified":"2026-04-07T19:10:26","modified_gmt":"2026-04-07T18:10:26","slug":"domartillsattning","status":"publish","type":"page","link":"https:\/\/bdgf.se\/wp\/domartillsattning\/","title":{"rendered":"Domartills\u00e4ttning 2026"},"content":{"rendered":"\n<p><\/p>\n\n\n\n<p>Kontaktuppgifter till domare hittar ni h\u00e4r &#8211;&gt;<a href=\"https:\/\/bdgf.se\/wp\/domare\" data-type=\"URL\" data-id=\"https:\/\/bdgf.se\/wp\/domare-2023\/\">https:\/\/bdgf.se\/wp\/domare<\/a><\/p>\n\n\n\n\n<table id=\"tablepress-26\" class=\"tablepress tablepress-id-26\">\n<thead>\n<tr class=\"row-1\">\n\t<th class=\"column-1\">T\u00e4vling<\/th><th class=\"column-2\">Datum<\/th><th class=\"column-3\">Klubb<\/th><th class=\"column-4\">Domare<\/th><td class=\"column-5\"><\/td><td class=\"column-6\"><\/td><th class=\"column-7\">Ass domare<\/th>\n<\/tr>\n<\/thead>\n<tbody class=\"row-striping row-hover\">\n<tr class=\"row-2\">\n\t<td class=\"column-1\">Seriespel H50, H60, D22, D50 &amp; D60<\/td><td class=\"column-2\">3:e maj<\/td><td class=\"column-3\">Bakjour (Dagsholm, Str\u00f6mstad, Holma-<br \/>\nSt\u00e5ngen\u00e4s, Lyckorna,  Uddevalla)<\/td><td class=\"column-4\">Bente Aaen<\/td><td class=\"column-5\"><\/td><td class=\"column-6\"><\/td><td class=\"column-7\"><\/td>\n<\/tr>\n<tr class=\"row-3\">\n\t<td class=\"column-1\">Seriespel H22, H40<\/td><td class=\"column-2\">10:e maj<\/td><td class=\"column-3\">Bakjour (Dynekilen, Mj\u00f6lker\u00f6d<\/td><td class=\"column-4\">Christer Edwinsson<\/td><td class=\"column-5\"><\/td><td class=\"column-6\"><\/td><td class=\"column-7\"><\/td>\n<\/tr>\n<tr class=\"row-4\">\n\t<td class=\"column-1\">SGF Juniortour div2, 36 h\u00e5l<\/td><td class=\"column-2\">10:e maj<\/td><td class=\"column-3\">Soten\u00e4s GK<\/td><td class=\"column-4\">Ingela Turdell<\/td><td class=\"column-5\">Sofia Romell<\/td><td class=\"column-6\">Stefan Carlsson<\/td><td class=\"column-7\"><\/td>\n<\/tr>\n<tr class=\"row-5\">\n\t<td class=\"column-1\">SGF Juniortour D3 + BDGF Juniortour<\/td><td class=\"column-2\">10:e maj<\/td><td class=\"column-3\">Orust GK<\/td><td class=\"column-4\">Anders Thelander<\/td><td class=\"column-5\">Petra Johansson<\/td><td class=\"column-6\"><\/td><td class=\"column-7\">Tage Nederman<\/td>\n<\/tr>\n<tr class=\"row-6\">\n\t<td class=\"column-1\">Seriespel H70, H75, H80, D70, D75, D80<\/td><td class=\"column-2\">12:e maj<\/td><td class=\"column-3\">Bakjour (Lyckorna, Stenungsund, <br \/>\nMj\u00f6lker\u00f6d, Torreby, Soten\u00e4s)<\/td><td class=\"column-4\">Hugo Lindell<\/td><td class=\"column-5\"><\/td><td class=\"column-6\"><\/td><td class=\"column-7\"><\/td>\n<\/tr>\n<tr class=\"row-7\">\n\t<td class=\"column-1\">SGF Juniortour div3 + BDGF Juniortour<\/td><td class=\"column-2\">31:e maj<\/td><td class=\"column-3\">Holma-St\u00e5ngen\u00e4s GK<\/td><td class=\"column-4\">Richard R\u00f6nnblom<\/td><td class=\"column-5\">Sofia Romell<\/td><td class=\"column-6\"><\/td><td class=\"column-7\">Michael Sj\u00f6borg<\/td>\n<\/tr>\n<tr class=\"row-8\">\n\t<td class=\"column-1\">Seriespel H40<\/td><td class=\"column-2\">31:e maj<\/td><td class=\"column-3\">Bakjour (Uddevalla)<\/td><td class=\"column-4\">Christer Edwinsson<\/td><td class=\"column-5\"><\/td><td class=\"column-6\"><\/td><td class=\"column-7\"><\/td>\n<\/tr>\n<tr class=\"row-9\">\n\t<td class=\"column-1\">Seriespel H22, H50<\/td><td class=\"column-2\">7:e juni<\/td><td class=\"column-3\">Bakjour (Torreby, Tj\u00f6rn)<\/td><td class=\"column-4\">Karin Nilsson<\/td><td class=\"column-5\"><\/td><td class=\"column-6\"><\/td><td class=\"column-7\"><\/td>\n<\/tr>\n<tr class=\"row-10\">\n\t<td class=\"column-1\">Seriespel H70, H75, H80, D70, D75, D80<\/td><td class=\"column-2\">9:e juni<\/td><td class=\"column-3\">Bakjour (Dynekilen, Forsbacka, <br \/>\nUddevalla, Holma-St\u00e5ngen\u00e4s, Str\u00f6mstad)<\/td><td class=\"column-4\">Hugo Lindell<\/td><td class=\"column-5\"><\/td><td class=\"column-6\"><\/td><td class=\"column-7\"><\/td>\n<\/tr>\n<tr class=\"row-11\">\n\t<td class=\"column-1\">Seriespel H60, D22, D50, D60<\/td><td class=\"column-2\">14:e juni<\/td><td class=\"column-3\">Bakjour (Orust, Soten\u00e4s, Mellerud, Skaft\u00f6)<\/td><td class=\"column-4\">Bente Aaen<\/td><td class=\"column-5\"><\/td><td class=\"column-6\"><\/td><td class=\"column-7\"><\/td>\n<\/tr>\n<tr class=\"row-12\">\n\t<td class=\"column-1\">SGF Juniortour div3, 36 h\u00e5l<\/td><td class=\"column-2\">25:e juni<\/td><td class=\"column-3\">Str\u00f6mstad GK<\/td><td class=\"column-4\">Staffan Rothelius<\/td><td class=\"column-5\">Olof Wistrand<\/td><td class=\"column-6\">Richard R\u00f6nnblom<\/td><td class=\"column-7\"><\/td>\n<\/tr>\n<tr class=\"row-13\">\n\t<td class=\"column-1\">BDGF Juniortour<\/td><td class=\"column-2\">27:e juni<\/td><td class=\"column-3\">Brastad GK<\/td><td class=\"column-4\">Susan Patriksson<\/td><td class=\"column-5\">Kerstin Wistrand<\/td><td class=\"column-6\"><\/td><td class=\"column-7\"><\/td>\n<\/tr>\n<tr class=\"row-14\">\n\t<td class=\"column-1\">Gruppkval Teen Cup<\/td><td class=\"column-2\">7:e juli<\/td><td class=\"column-3\">Dynekilen GK<\/td><td class=\"column-4\">Ola \u00c5hlund<\/td><td class=\"column-5\">Kenneth Ivarsson<\/td><td class=\"column-6\"><\/td><td class=\"column-7\"><\/td>\n<\/tr>\n<tr class=\"row-15\">\n\t<td class=\"column-1\">SGF Juniortour div3, 36 h\u00e5l<\/td><td class=\"column-2\">31:e juli<\/td><td class=\"column-3\">Torreby GK<\/td><td class=\"column-4\">Susan Patriksson<\/td><td class=\"column-5\">P-O Bengtsson<\/td><td class=\"column-6\"><\/td><td class=\"column-7\">Tage Nederman<br \/>\nStefan Wingd\u00e9n<\/td>\n<\/tr>\n<tr class=\"row-16\">\n\t<td class=\"column-1\">BDGF Juniortour<\/td><td class=\"column-2\">1:e augusti<\/td><td class=\"column-3\">Allmag CC<\/td><td class=\"column-4\">Sofia Romell<\/td><td class=\"column-5\">x<\/td><td class=\"column-6\"><\/td><td class=\"column-7\"><\/td>\n<\/tr>\n<tr class=\"row-17\">\n\t<td class=\"column-1\">Regionkval Teen Cup<\/td><td class=\"column-2\">4:e augusti<\/td><td class=\"column-3\">Tj\u00f6rns GK<\/td><td class=\"column-4\">Kenneth Ivarsson<\/td><td class=\"column-5\">Ola \u00c5hlund<\/td><td class=\"column-6\"><\/td><td class=\"column-7\"><\/td>\n<\/tr>\n<tr class=\"row-18\">\n\t<td class=\"column-1\">SGF Seniortour D22-D60 18+18 h\u00e5l<\/td><td class=\"column-2\">8-9:e augusti<\/td><td class=\"column-3\">Forsbacka GK<\/td><td class=\"column-4\">P-O Bengtsson<\/td><td class=\"column-5\">Bente Aaen<\/td><td class=\"column-6\">Olof Wistrand<\/td><td class=\"column-7\"><\/td>\n<\/tr>\n<tr class=\"row-19\">\n\t<td class=\"column-1\">SGF Juniortour div3 + BDGF Juniortour<\/td><td class=\"column-2\">15:e augusti<\/td><td class=\"column-3\">Lyckorna GK<\/td><td class=\"column-4\">Anders Thelander<\/td><td class=\"column-5\">Peter Alfredsson<\/td><td class=\"column-6\"><\/td><td class=\"column-7\"><\/td>\n<\/tr>\n<tr class=\"row-20\">\n\t<td class=\"column-1\">SGF Juniortour div2, 36 h\u00e5l<\/td><td class=\"column-2\">16:e augusti<\/td><td class=\"column-3\">Skaft\u00f6 GK<\/td><td class=\"column-4\">Bente Aaen<\/td><td class=\"column-5\">Petra Johansson<\/td><td class=\"column-6\">Karin Nilsson<\/td><td class=\"column-7\"><\/td>\n<\/tr>\n<tr class=\"row-21\">\n\t<td class=\"column-1\">Kategori DM D70<\/td><td class=\"column-2\">18:e augusti<\/td><td class=\"column-3\">Mellerud GK<\/td><td class=\"column-4\">x<\/td><td class=\"column-5\"><\/td><td class=\"column-6\"><\/td><td class=\"column-7\"><\/td>\n<\/tr>\n<tr class=\"row-22\">\n\t<td class=\"column-1\">Kategori DM D75-D80<\/td><td class=\"column-2\">18:e augusti<\/td><td class=\"column-3\">Stenungsund GK<\/td><td class=\"column-4\">Peter Alfredsson<\/td><td class=\"column-5\"><\/td><td class=\"column-6\"><\/td><td class=\"column-7\"><\/td>\n<\/tr>\n<tr class=\"row-23\">\n\t<td class=\"column-1\">Kategori DM H70<\/td><td class=\"column-2\">18:e augusti<\/td><td class=\"column-3\">Forsbacka GK<\/td><td class=\"column-4\">x<\/td><td class=\"column-5\"><\/td><td class=\"column-6\"><\/td><td class=\"column-7\"><\/td>\n<\/tr>\n<tr class=\"row-24\">\n\t<td class=\"column-1\">Kategori DM H75<\/td><td class=\"column-2\">18:e augusti<\/td><td class=\"column-3\">Dagsholm<\/td><td class=\"column-4\">Stefan Carlsson<\/td><td class=\"column-5\"><\/td><td class=\"column-6\"><\/td><td class=\"column-7\"><\/td>\n<\/tr>\n<tr class=\"row-25\">\n\t<td class=\"column-1\">Kategori DM H80<\/td><td class=\"column-2\">18:e augusti<\/td><td class=\"column-3\">Tj\u00f6rns GK<\/td><td class=\"column-4\">Anders Thelander<\/td><td class=\"column-5\"><\/td><td class=\"column-6\"><\/td><td class=\"column-7\"><\/td>\n<\/tr>\n<tr class=\"row-26\">\n\t<td class=\"column-1\">Folksam Paragolf Tour<\/td><td class=\"column-2\">29-30:e augusti<\/td><td class=\"column-3\">Stenungsund GK<\/td><td class=\"column-4\">Ola \u00c5hlund<\/td><td class=\"column-5\">Anders Thelander<\/td><td class=\"column-6\"><\/td><td class=\"column-7\"><\/td>\n<\/tr>\n<tr class=\"row-27\">\n\t<td class=\"column-1\">Kategori DM H22<\/td><td class=\"column-2\">30:e augusti<\/td><td class=\"column-3\">Fj\u00e4llbacka GK<\/td><td class=\"column-4\">x<\/td><td class=\"column-5\"><\/td><td class=\"column-6\"><\/td><td class=\"column-7\"><\/td>\n<\/tr>\n<tr class=\"row-28\">\n\t<td class=\"column-1\">Kategori DM H40<\/td><td class=\"column-2\">30:e augusti<\/td><td class=\"column-3\">Orust GK<\/td><td class=\"column-4\">x<\/td><td class=\"column-5\"><\/td><td class=\"column-6\"><\/td><td class=\"column-7\"><\/td>\n<\/tr>\n<tr class=\"row-29\">\n\t<td class=\"column-1\">Kategori DM H50<\/td><td class=\"column-2\">30:e augusti<\/td><td class=\"column-3\">Holma-St\u00e5ngen\u00e4s<\/td><td class=\"column-4\">Christer Edwinsson<\/td><td class=\"column-5\"><\/td><td class=\"column-6\"><\/td><td class=\"column-7\"><\/td>\n<\/tr>\n<tr class=\"row-30\">\n\t<td class=\"column-1\">Kategori DM D22<\/td><td class=\"column-2\">30:e augusti<\/td><td class=\"column-3\">Mj\u00f6lker\u00f6d<\/td><td class=\"column-4\">Olof Wistrand<\/td><td class=\"column-5\"><\/td><td class=\"column-6\"><\/td><td class=\"column-7\"><\/td>\n<\/tr>\n<tr class=\"row-31\">\n\t<td class=\"column-1\">Kategori DM D50<\/td><td class=\"column-2\">30:e augusti<\/td><td class=\"column-3\">Skaft\u00f6 GK<\/td><td class=\"column-4\">x<\/td><td class=\"column-5\"><\/td><td class=\"column-6\"><\/td><td class=\"column-7\"><\/td>\n<\/tr>\n<tr class=\"row-32\">\n\t<td class=\"column-1\">Kategori DM D60<\/td><td class=\"column-2\">30:e augusti<\/td><td class=\"column-3\">Torreby GK<\/td><td class=\"column-4\">Staffan Rothelius<\/td><td class=\"column-5\"><\/td><td class=\"column-6\"><\/td><td class=\"column-7\"><\/td>\n<\/tr>\n<tr class=\"row-33\">\n\t<td class=\"column-1\">SGF Juniortour div 3 och BDGF Juniortour<\/td><td class=\"column-2\">6:e september<\/td><td class=\"column-3\">Dagsholm GK<\/td><td class=\"column-4\">Olof Wistrand<\/td><td class=\"column-5\">Kerstin Wistrand<\/td><td class=\"column-6\"><\/td><td class=\"column-7\">Michael Sj\u00f6borg<\/td>\n<\/tr>\n<tr class=\"row-34\">\n\t<td class=\"column-1\">Kategori DM H60<\/td><td class=\"column-2\">6:e september<\/td><td class=\"column-3\">Lyckorna GK<\/td><td class=\"column-4\">x<\/td><td class=\"column-5\"><\/td><td class=\"column-6\"><\/td><td class=\"column-7\"><\/td>\n<\/tr>\n<tr class=\"row-35\">\n\t<td class=\"column-1\">Seriespel H70, H75, H80, D70, D75, D80<\/td><td class=\"column-2\">8:e september<\/td><td class=\"column-3\">Bakjour (Fj\u00e4llbacka, Mj\u00f6lker\u00f6d,<br \/>\n Soten\u00e4s, Orust, Skaft\u00f6)<\/td><td class=\"column-4\">Anders Thelander<\/td><td class=\"column-5\"><\/td><td class=\"column-6\"><\/td><td class=\"column-7\"><\/td>\n<\/tr>\n<tr class=\"row-36\">\n\t<td class=\"column-1\">Seriespel H22<\/td><td class=\"column-2\">12:e september<\/td><td class=\"column-3\">Bakjour (Mellerud)<\/td><td class=\"column-4\">P-O Bengtsson<\/td><td class=\"column-5\"><\/td><td class=\"column-6\"><\/td><td class=\"column-7\"><\/td>\n<\/tr>\n<tr class=\"row-37\">\n\t<td class=\"column-1\">Serispel (H40, D22, D50, D60)<\/td><td class=\"column-2\">13:e september<\/td><td class=\"column-3\">Bakjour (Tj\u00f6rn, Dagsholm, Stenungsund, Str\u00f6mstad)<\/td><td class=\"column-4\">Bente Aaen<\/td><td class=\"column-5\"><\/td><td class=\"column-6\"><\/td><td class=\"column-7\"><\/td>\n<\/tr>\n<tr class=\"row-38\">\n\t<td class=\"column-1\">Seriespel H50, H60<\/td><td class=\"column-2\">20:e september<\/td><td class=\"column-3\">Bakjour (Forsbacka, Uddevalla)<\/td><td class=\"column-4\">Christer Edwinsson<\/td><td class=\"column-5\"><\/td><td class=\"column-6\"><\/td><td class=\"column-7\"><\/td>\n<\/tr>\n<tr class=\"row-39\">\n\t<td class=\"column-1\">SGF Seniortour H60 18  +18 h\u00e5l<\/td><td class=\"column-2\">3-4:e oktober<\/td><td class=\"column-3\">Bente Aaen<\/td><td class=\"column-4\">Olof Wistrand<\/td><td class=\"column-5\">Susan Patriksson<\/td><td class=\"column-6\"><\/td><td class=\"column-7\"><\/td>\n<\/tr>\n<tr class=\"row-40\">\n\t<td class=\"column-1\"><\/td><td class=\"column-2\"><\/td><td class=\"column-3\"><\/td><td class=\"column-4\"><\/td><td class=\"column-5\"><\/td><td class=\"column-6\"><\/td><td class=\"column-7\"><\/td>\n<\/tr>\n<tr class=\"row-41\">\n\t<td class=\"column-1\"><\/td><td class=\"column-2\"><\/td><td class=\"column-3\"><\/td><td class=\"column-4\"><\/td><td class=\"column-5\"><\/td><td class=\"column-6\"><\/td><td class=\"column-7\"><\/td>\n<\/tr>\n<tr class=\"row-42\">\n\t<td class=\"column-1\"><\/td><td class=\"column-2\"><\/td><td class=\"column-3\"><\/td><td class=\"column-4\"><\/td><td class=\"column-5\"><\/td><td class=\"column-6\"><\/td><td class=\"column-7\"><\/td>\n<\/tr>\n<tr class=\"row-43\">\n\t<td class=\"column-1\"><\/td><td class=\"column-2\"><\/td><td class=\"column-3\"><\/td><td class=\"column-4\"><\/td><td class=\"column-5\"><\/td><td class=\"column-6\"><\/td><td class=\"column-7\"><\/td>\n<\/tr>\n<tr class=\"row-44\">\n\t<td class=\"column-1\"><\/td><td class=\"column-2\"><\/td><td class=\"column-3\"><\/td><td class=\"column-4\"><\/td><td class=\"column-5\"><\/td><td class=\"column-6\"><\/td><td class=\"column-7\"><\/td>\n<\/tr>\n<tr class=\"row-45\">\n\t<td class=\"column-1\">.<\/td><td class=\"column-2\"><\/td><td class=\"column-3\"><\/td><td class=\"column-4\"><\/td><td class=\"column-5\"><\/td><td class=\"column-6\"><\/td><td class=\"column-7\"><\/td>\n<\/tr>\n<tr class=\"row-46\">\n\t<td class=\"column-1\"><\/td><td class=\"column-2\"><\/td><td class=\"column-3\"><\/td><td class=\"column-4\"><\/td><td class=\"column-5\"><\/td><td class=\"column-6\"><\/td><td class=\"column-7\"><\/td>\n<\/tr>\n<\/tbody>\n<\/table>\n<!-- #tablepress-26 from cache -->\n\n\n\n<p><\/p>\n","protected":false},"excerpt":{"rendered":"<p>Kontaktuppgifter till domare hittar ni h\u00e4r &#8211;&gt;https:\/\/bdgf.se\/wp\/domare<\/p>\n","protected":false},"author":4,"featured_media":0,"parent":0,"menu_order":0,"comment_status":"closed","ping_status":"closed","template":"","meta":{"footnotes":""},"class_list":["post-4451","page","type-page","status-publish","hentry"],"_links":{"self":[{"href":"https:\/\/bdgf.se\/wp\/wp-json\/wp\/v2\/pages\/4451","targetHints":{"allow":["GET"]}}],"collection":[{"href":"https:\/\/bdgf.se\/wp\/wp-json\/wp\/v2\/pages"}],"about":[{"href":"https:\/\/bdgf.se\/wp\/wp-json\/wp\/v2\/types\/page"}],"author":[{"embeddable":true,"href":"https:\/\/bdgf.se\/wp\/wp-json\/wp\/v2\/users\/4"}],"replies":[{"embeddable":true,"href":"https:\/\/bdgf.se\/wp\/wp-json\/wp\/v2\/comments?post=4451"}],"version-history":[{"count":17,"href":"https:\/\/bdgf.se\/wp\/wp-json\/wp\/v2\/pages\/4451\/revisions"}],"predecessor-version":[{"id":6663,"href":"https:\/\/bdgf.se\/wp\/wp-json\/wp\/v2\/pages\/4451\/revisions\/6663"}],"wp:attachment":[{"href":"https:\/\/bdgf.se\/wp\/wp-json\/wp\/v2\/media?parent=4451"}],"curies":[{"name":"wp","href":"https:\/\/api.w.org\/{rel}","templated":true}]}}