{"id":4474,"date":"2022-05-11T12:24:16","date_gmt":"2022-05-11T11:24:16","guid":{"rendered":"http:\/\/bdgf.se\/wp\/?page_id=4474"},"modified":"2022-11-09T21:17:32","modified_gmt":"2022-11-09T20:17:32","slug":"tavlingsresultat-2022","status":"publish","type":"page","link":"https:\/\/bdgf.se\/wp\/tavlingsresultat-2022\/","title":{"rendered":"T\u00e4vlingsresultat 2022"},"content":{"rendered":"\n<h3 class=\"wp-block-heading\"><strong>Paragolf Tour V\u00e4st <\/strong><\/h3>\n\n\n\n<p>Falkenbergs GK, s\u00f6ndagen den 18:e september<br>Sista delt\u00e4vlingen av Paragolf Tour V\u00e4st, 2022 avgjordes i minst sagt omv\u00e4xlande v\u00e4der, \u00f6msom sol \/\u00f6msom h\u00e4llregn.<br> Tack b\u00e4sta g\u00e4nget p\u00e5 Falkenberg f\u00f6r varmt v\u00e4lkomnande och f\u00f6r ert engagemang!<\/p>\n\n\n\n<figure class=\"wp-block-image size-large\"><img loading=\"lazy\" decoding=\"async\" width=\"768\" height=\"806\" src=\"http:\/\/bdgf.se\/wp\/wp-content\/uploads\/2022\/09\/IMG_10881.jpg\" alt=\"\" class=\"wp-image-4687\" srcset=\"https:\/\/bdgf.se\/wp\/wp-content\/uploads\/2022\/09\/IMG_10881.jpg 768w, https:\/\/bdgf.se\/wp\/wp-content\/uploads\/2022\/09\/IMG_10881-286x300.jpg 286w\" sizes=\"auto, (max-width: 768px) 100vw, 768px\" \/><\/figure>\n\n\n\n<p><strong>  Resultat:<\/strong><br> 1 Filip Lindkvist, Torslanda GK, 73 <br> 2 Mathias Eriksson, Lyckorna GK, 74<br> 3 Peder Bergdahl, Bor\u00e5s GK  75<br> 4 Jesper Gutke, Dynekilens GK, 77<br> 5 Max Sellman, Grepp\u00e5s GK, 77 <\/p>\n\n\n\n<p><\/p>\n\n\n\n<p><strong>L\u00f6rdag 3\/9 <\/strong>stod<strong> Lyckorna GK<\/strong> som arrang\u00f6r f\u00f6r den tredje delt\u00e4vlingen f\u00f6r \u00e5ret i <strong>Paragolf Tour V\u00e4st.<\/strong><br> Ett tiotal spelare deltog, fr\u00e5n G\u00f6teborgs-, V\u00e4sterg\u00f6tlands- och Bohusl\u00e4n-Dals distrikten.<br>Vi hade med oss flera nya b\u00e5de spelare och caddies som gjorde debut &#8211; kul! Den h\u00e4r g\u00e5ngen provade vi \u00e4ven p\u00e5 live-rapportering fr\u00e5n banan vilket uppskattades av publiken.<br>Arrangemanget l\u00f6pte p\u00e5 fint och prisutdelning kunde ske under eftermiddagen.<br><br><strong>Resultat (slag netto)<\/strong><br><strong> 9-h\u00e5ls klass:<\/strong><br> 1 Johan Helgesson, Lyckorna 34 slag nto<br> 2 Neno Sj\u00f6din, Lyckorna 35 slag nto<br> 3 Jonathan Eckert, Soten\u00e4s 41 slag nto<\/p>\n\n\n\n<p><\/p>\n\n\n\n<figure class=\"wp-block-image size-large\"><img loading=\"lazy\" decoding=\"async\" width=\"660\" height=\"1024\" src=\"http:\/\/bdgf.se\/wp\/wp-content\/uploads\/2022\/11\/PGTV-9halsklass-660x1024.jpg\" alt=\"\" class=\"wp-image-4777\" srcset=\"https:\/\/bdgf.se\/wp\/wp-content\/uploads\/2022\/11\/PGTV-9halsklass-660x1024.jpg 660w, https:\/\/bdgf.se\/wp\/wp-content\/uploads\/2022\/11\/PGTV-9halsklass-193x300.jpg 193w, https:\/\/bdgf.se\/wp\/wp-content\/uploads\/2022\/11\/PGTV-9halsklass-768x1191.jpg 768w, https:\/\/bdgf.se\/wp\/wp-content\/uploads\/2022\/11\/PGTV-9halsklass-991x1536.jpg 991w, https:\/\/bdgf.se\/wp\/wp-content\/uploads\/2022\/11\/PGTV-9halsklass-1321x2048.jpg 1321w, https:\/\/bdgf.se\/wp\/wp-content\/uploads\/2022\/11\/PGTV-9halsklass-scaled.jpg 1651w\" sizes=\"auto, (max-width: 660px) 100vw, 660px\" \/><figcaption>Pristagare och Caddies klass 9-h\u00e5l<\/figcaption><\/figure>\n\n\n\n<p><br><strong> 18h\u00e5ls klass:<\/strong><br> 1 Markus Sunn\u00e4ng, Bor\u00e5s 73 slag nto<br> 2 Melker Hasselgren Axelsson, Lyckorna 74 slag nto<br> 3 Mathias Eriksson, Lyckorna 77  slag nto<br> 4 Max Sellman, Gr\u00e4pp\u00e5s 77 slag nto<br><\/p>\n\n\n\n<figure class=\"wp-block-image size-large\"><img loading=\"lazy\" decoding=\"async\" width=\"665\" height=\"1024\" src=\"http:\/\/bdgf.se\/wp\/wp-content\/uploads\/2022\/11\/PGTV-18hals-klass-665x1024.jpg\" alt=\"\" class=\"wp-image-4778\" srcset=\"https:\/\/bdgf.se\/wp\/wp-content\/uploads\/2022\/11\/PGTV-18hals-klass-665x1024.jpg 665w, https:\/\/bdgf.se\/wp\/wp-content\/uploads\/2022\/11\/PGTV-18hals-klass-195x300.jpg 195w, https:\/\/bdgf.se\/wp\/wp-content\/uploads\/2022\/11\/PGTV-18hals-klass-768x1182.jpg 768w, https:\/\/bdgf.se\/wp\/wp-content\/uploads\/2022\/11\/PGTV-18hals-klass-998x1536.jpg 998w, https:\/\/bdgf.se\/wp\/wp-content\/uploads\/2022\/11\/PGTV-18hals-klass-1330x2048.jpg 1330w, https:\/\/bdgf.se\/wp\/wp-content\/uploads\/2022\/11\/PGTV-18hals-klass-scaled.jpg 1663w\" sizes=\"auto, (max-width: 665px) 100vw, 665px\" \/><figcaption>Pristagare klass 18-h\u00e5l<\/figcaption><\/figure>\n\n\n\n<p>  <br>Ett extra stort tack till Lyckornas allt-i allo Janne&#x1f947;f\u00f6r all hj\u00e4lp f\u00f6re och under t\u00e4vlingen ! <\/p>\n\n\n\n<p class=\"has-text-align-center\">&#8212;&#8212;&#8212;&#8212;&#8212;&#8212;&#8212;&#8212;&#8212;&#8212;&#8212;&#8212;&#8212;&#8212;&#8212;&#8212;&#8212;&#8212;&#8212;&#8212;&#8212;&#8212;&#8212;&#8212;&#8212;&#8212;&#8212;&#8212;&#8211;<br><\/p>\n\n\n\n<h4 class=\"wp-block-heading\"><strong>RF SM Folksam Paragolf TOUR, Link\u00f6pings GK, 1-2 juli<\/strong><\/h4>\n\n\n\n<p>Resultat deltagare fr\u00e5n BDGF deltagare <br>K1 A-klass BRUTTO<br>4:e plats Kristoffer Eklund, Dynekilens GK, 165 slag<\/p>\n\n\n\n<figure class=\"wp-block-image size-large is-resized\"><img loading=\"lazy\" decoding=\"async\" src=\"http:\/\/bdgf.se\/wp\/wp-content\/uploads\/2022\/07\/291490642_1075694343346656_6499131100105983928_n-461x1024.jpg\" alt=\"\" class=\"wp-image-4614\" width=\"315\" height=\"699\" srcset=\"https:\/\/bdgf.se\/wp\/wp-content\/uploads\/2022\/07\/291490642_1075694343346656_6499131100105983928_n-461x1024.jpg 461w, https:\/\/bdgf.se\/wp\/wp-content\/uploads\/2022\/07\/291490642_1075694343346656_6499131100105983928_n-135x300.jpg 135w, https:\/\/bdgf.se\/wp\/wp-content\/uploads\/2022\/07\/291490642_1075694343346656_6499131100105983928_n-768x1705.jpg 768w, https:\/\/bdgf.se\/wp\/wp-content\/uploads\/2022\/07\/291490642_1075694343346656_6499131100105983928_n-692x1536.jpg 692w, https:\/\/bdgf.se\/wp\/wp-content\/uploads\/2022\/07\/291490642_1075694343346656_6499131100105983928_n.jpg 908w\" sizes=\"auto, (max-width: 315px) 100vw, 315px\" \/><\/figure>\n\n\n\n<p>K2 B-klass NETTO<br>2:a plats Melker Hasselgren Axelsson, Lyckorna GK, 144 slag<br>4:e plats Mathias Eriksson, Lyckorna GK, 148 slag<\/p>\n\n\n\n<figure class=\"wp-block-image size-large\"><img loading=\"lazy\" decoding=\"async\" width=\"1024\" height=\"683\" src=\"http:\/\/bdgf.se\/wp\/wp-content\/uploads\/2022\/07\/290948907_753675129094132_8486958544299512083_n-1024x683.jpg\" alt=\"\" class=\"wp-image-4613\" srcset=\"https:\/\/bdgf.se\/wp\/wp-content\/uploads\/2022\/07\/290948907_753675129094132_8486958544299512083_n-1024x683.jpg 1024w, https:\/\/bdgf.se\/wp\/wp-content\/uploads\/2022\/07\/290948907_753675129094132_8486958544299512083_n-300x200.jpg 300w, https:\/\/bdgf.se\/wp\/wp-content\/uploads\/2022\/07\/290948907_753675129094132_8486958544299512083_n-768x512.jpg 768w, https:\/\/bdgf.se\/wp\/wp-content\/uploads\/2022\/07\/290948907_753675129094132_8486958544299512083_n.jpg 1080w\" sizes=\"auto, (max-width: 1024px) 100vw, 1024px\" \/><\/figure>\n\n\n\n<figure class=\"wp-block-image size-large\"><img loading=\"lazy\" decoding=\"async\" width=\"1024\" height=\"683\" src=\"http:\/\/bdgf.se\/wp\/wp-content\/uploads\/2022\/07\/291501336_1074076970158087_2928370473054693656_n-1024x683.jpg\" alt=\"\" class=\"wp-image-4612\" srcset=\"https:\/\/bdgf.se\/wp\/wp-content\/uploads\/2022\/07\/291501336_1074076970158087_2928370473054693656_n-1024x683.jpg 1024w, https:\/\/bdgf.se\/wp\/wp-content\/uploads\/2022\/07\/291501336_1074076970158087_2928370473054693656_n-300x200.jpg 300w, https:\/\/bdgf.se\/wp\/wp-content\/uploads\/2022\/07\/291501336_1074076970158087_2928370473054693656_n-768x512.jpg 768w, https:\/\/bdgf.se\/wp\/wp-content\/uploads\/2022\/07\/291501336_1074076970158087_2928370473054693656_n.jpg 1080w\" sizes=\"auto, (max-width: 1024px) 100vw, 1024px\" \/><\/figure>\n\n\n\n<p>****************<\/p>\n\n\n\n<p>\u00c5rets <strong>Henrik Stenson Paragolf Challenge<\/strong> \u00e4r avslutad! En sp\u00e4nnande och fin t\u00e4vling med grymma spelare, duktiga och glada funktion\u00e4rer och Bokskogens golfbana i mycket fint skick.<br><br> Det blev dessutom ett HIO p\u00e5 h\u00e5l 15 av Markus Bj\u00f6rkmarker. <\/p>\n\n\n\n<p>B-klassen Kat 2<br> 1 MELKER HASSELGREN AXELSON, Lyckorna GK, 142 slag<br> 2 MATHIAS ERIKSSON, Lyckorna GK, 149 slag<br> 3 JUAN FILIP NILSSON, Bor\u00e5s GK, 156 slag<br><br><\/p>\n\n\n\n<figure class=\"wp-block-image size-large\"><img loading=\"lazy\" decoding=\"async\" width=\"535\" height=\"645\" src=\"http:\/\/bdgf.se\/wp\/wp-content\/uploads\/2022\/07\/220629_2.jpg\" alt=\"\" class=\"wp-image-4615\" srcset=\"https:\/\/bdgf.se\/wp\/wp-content\/uploads\/2022\/07\/220629_2.jpg 535w, https:\/\/bdgf.se\/wp\/wp-content\/uploads\/2022\/07\/220629_2-249x300.jpg 249w\" sizes=\"auto, (max-width: 535px) 100vw, 535px\" \/><figcaption>  #henrikstensonfoundation #folksamparagolf  <\/figcaption><\/figure>\n\n\n\n<p>**************<\/p>\n\n\n\n<p>Andra delt\u00e4vlingen p\u00e5 <strong>Paragolf Tour V\u00e4st<\/strong> (fd V\u00e4sttouren) avh\u00f6lls p\u00e5 Bor\u00e5s GK, s\u00f6dra banan, p\u00e5 Pingstafton i str\u00e5lande sol och hettande v\u00e4rme.<br> Ett 15 tal spelare deltog fr\u00e5n 3 av distrikten deltog.<br> I 18h\u00e5ls-klassen placerade sig Melker Hasselgren Axelsson p\u00e5 en hedrande 5:e plats med en score p\u00e5 84 slag och Mathias Eriksson p\u00e5 en 6 e plats p\u00e5 88 slag<br> I 9 h\u00e5ls klassen kom Johan Helgesson p\u00e5 en fin 2 placering p\u00e5 38 slag<br><br>Vi har tyv\u00e4rr inga bilder fr\u00e5n Bor\u00e5s.<\/p>\n\n\n\n<p><\/p>\n\n\n\n<p>***********<\/p>\n\n\n\n<p>F\u00f6rsta delt\u00e4vling i <strong>Paragolf Tour V\u00e4st<\/strong> arrangerades s\u00f6n 8\/5, av G\u00f6teborgs GDF paragolf-kommitt\u00e9 p\u00e5 S\u00e4r\u00f6 GK. <br>Dagen bjud p\u00e5 ett str\u00e5lande v\u00e5r-v\u00e4der n\u00e4r t\u00e4vlingen spelades \u00f6ver 18 h\u00e5l p\u00e5 S\u00e4r\u00f6 GK\u2019s utmanande och v\u00e4l-preparerade korth\u00e5ls parkbana.<\/p>\n\n\n\n<figure class=\"wp-block-image size-large\"><img loading=\"lazy\" decoding=\"async\" width=\"1024\" height=\"576\" src=\"http:\/\/bdgf.se\/wp\/wp-content\/uploads\/2022\/05\/8maj2022-1024x576.jpg\" alt=\"\" class=\"wp-image-4472\" srcset=\"https:\/\/bdgf.se\/wp\/wp-content\/uploads\/2022\/05\/8maj2022-1024x576.jpg 1024w, https:\/\/bdgf.se\/wp\/wp-content\/uploads\/2022\/05\/8maj2022-300x169.jpg 300w, https:\/\/bdgf.se\/wp\/wp-content\/uploads\/2022\/05\/8maj2022-768x432.jpg 768w, https:\/\/bdgf.se\/wp\/wp-content\/uploads\/2022\/05\/8maj2022-1536x865.jpg 1536w, https:\/\/bdgf.se\/wp\/wp-content\/uploads\/2022\/05\/8maj2022-350x197.jpg 350w, https:\/\/bdgf.se\/wp\/wp-content\/uploads\/2022\/05\/8maj2022-528x297.jpg 528w, https:\/\/bdgf.se\/wp\/wp-content\/uploads\/2022\/05\/8maj2022-860x484.jpg 860w, https:\/\/bdgf.se\/wp\/wp-content\/uploads\/2022\/05\/8maj2022.jpg 1844w\" sizes=\"auto, (max-width: 1024px) 100vw, 1024px\" \/><\/figure>\n\n\n\n<p>Bohusl\u00e4n-Dal distriktet var v\u00e4l representerat b\u00e5de vad g\u00e4ller antal t\u00e4vlande (5 av 13 startande), s\u00e5v\u00e4l som med framskjutna placeringar i resultatlistan. Vann gjorde Jakob Persson Torslanda, med Johan Helgesson Lyckorna p\u00e5 andra plats och Jesper Gutke Dynekilen p\u00e5 3\u2019e plats.<br><\/p>\n\n\n\n<figure class=\"wp-block-image size-large\"><img loading=\"lazy\" decoding=\"async\" width=\"1024\" height=\"577\" src=\"http:\/\/bdgf.se\/wp\/wp-content\/uploads\/2022\/11\/Pristagare-omg1-1024x577.jpg\" alt=\"\" class=\"wp-image-4774\" srcset=\"https:\/\/bdgf.se\/wp\/wp-content\/uploads\/2022\/11\/Pristagare-omg1-1024x577.jpg 1024w, https:\/\/bdgf.se\/wp\/wp-content\/uploads\/2022\/11\/Pristagare-omg1-300x169.jpg 300w, https:\/\/bdgf.se\/wp\/wp-content\/uploads\/2022\/11\/Pristagare-omg1-768x433.jpg 768w, https:\/\/bdgf.se\/wp\/wp-content\/uploads\/2022\/11\/Pristagare-omg1-1536x865.jpg 1536w, https:\/\/bdgf.se\/wp\/wp-content\/uploads\/2022\/11\/Pristagare-omg1-350x197.jpg 350w, https:\/\/bdgf.se\/wp\/wp-content\/uploads\/2022\/11\/Pristagare-omg1-528x297.jpg 528w, https:\/\/bdgf.se\/wp\/wp-content\/uploads\/2022\/11\/Pristagare-omg1-860x484.jpg 860w, https:\/\/bdgf.se\/wp\/wp-content\/uploads\/2022\/11\/Pristagare-omg1.jpg 1832w\" sizes=\"auto, (max-width: 1024px) 100vw, 1024px\" \/><\/figure>\n\n\n\n<p> Stort tack till arrangerande kommitt\u00e9 och S\u00e4r\u00f6 GK f\u00f6r ett trevligt och v\u00e4l genomf\u00f6rt arrangemang !  <\/p>\n\n\n<p><!--EndFragment--><\/p>\n<p><!--StartFragment--><\/p>","protected":false},"excerpt":{"rendered":"<p>Paragolf Tour V\u00e4st Falkenbergs GK, s\u00f6ndagen den 18:e septemberSista delt\u00e4vlingen av Paragolf Tour V\u00e4st, 2022 avgjordes i minst sagt omv\u00e4xlande <a class=\"more-link\" href=\"https:\/\/bdgf.se\/wp\/tavlingsresultat-2022\/\">L\u00e4s mer &#8230;<\/a><\/p>\n","protected":false},"author":4,"featured_media":3183,"parent":0,"menu_order":0,"comment_status":"closed","ping_status":"closed","template":"","meta":{"footnotes":""},"class_list":["post-4474","page","type-page","status-publish","has-post-thumbnail","hentry"],"_links":{"self":[{"href":"https:\/\/bdgf.se\/wp\/wp-json\/wp\/v2\/pages\/4474","targetHints":{"allow":["GET"]}}],"collection":[{"href":"https:\/\/bdgf.se\/wp\/wp-json\/wp\/v2\/pages"}],"about":[{"href":"https:\/\/bdgf.se\/wp\/wp-json\/wp\/v2\/types\/page"}],"author":[{"embeddable":true,"href":"https:\/\/bdgf.se\/wp\/wp-json\/wp\/v2\/users\/4"}],"replies":[{"embeddable":true,"href":"https:\/\/bdgf.se\/wp\/wp-json\/wp\/v2\/comments?post=4474"}],"version-history":[{"count":13,"href":"https:\/\/bdgf.se\/wp\/wp-json\/wp\/v2\/pages\/4474\/revisions"}],"predecessor-version":[{"id":4779,"href":"https:\/\/bdgf.se\/wp\/wp-json\/wp\/v2\/pages\/4474\/revisions\/4779"}],"wp:featuredmedia":[{"embeddable":true,"href":"https:\/\/bdgf.se\/wp\/wp-json\/wp\/v2\/media\/3183"}],"wp:attachment":[{"href":"https:\/\/bdgf.se\/wp\/wp-json\/wp\/v2\/media?parent=4474"}],"curies":[{"name":"wp","href":"https:\/\/api.w.org\/{rel}","templated":true}]}}