{"id":6151,"date":"2025-02-11T17:10:56","date_gmt":"2025-02-11T16:10:56","guid":{"rendered":"https:\/\/bdgf.se\/wp\/?page_id=6151"},"modified":"2025-12-14T15:10:20","modified_gmt":"2025-12-14T14:10:20","slug":"simulator-golf-kategori-dm","status":"publish","type":"page","link":"https:\/\/bdgf.se\/wp\/simulator-golf-kategori-dm\/","title":{"rendered":"Simulator Golf &#8211; Kategori DM"},"content":{"rendered":"\n<p><\/p>\n\n\n\n<p><strong>T\u00e4vlingskommitt\u00e9n inbjuder till DM klassindelat i indoorgolf 2026<\/strong><\/p>\n\n\n\n<p><strong>\u00d6ppet f\u00f6r spel 1 januari till 22 februari <\/strong><br><strong>Sista dag f\u00f6r anm\u00e4lan 15 januari !<\/strong><\/p>\n\n\n\n<p>Anm\u00e4lan g\u00f6rs via Min Golf. <a href=\"https:\/\/mingolf.golf.se\/tavling\/information\/5348105\">https:\/\/mingolf.golf.se\/tavling\/information\/5348105<\/a><br>Anm\u00e4lningarna \u00f6verf\u00f6rs till TrackMan i samband med anm\u00e4lan.<br>I Min Golf m\u00e5ste den e-postadress som \u00e4r kopplad till spelarens konto i TrackMan-appen anges!<\/p>\n\n\n\n<p>Det \u00e4r ingen avgift f\u00f6r att deltaga i t\u00e4vlingen men kostnad f\u00f6r hyra av simulator f\u00e5r man st\u00e5 f\u00f6r sj\u00e4lv och betalas p\u00e5 plats. Det m\u00e5ste vara en Trackman simulator!<\/p>\n\n\n\n<p><strong>T\u00e4vlingsformat<\/strong><\/p>\n\n\n\n<ul class=\"wp-block-list\">\n<li>Indoors kategori DM spelas \u00f6ver 18 h\u00e5l brutto &#8211; tv\u00e5 f\u00f6rs\u00f6k d\u00e4r resultatet fr\u00e5n den b\u00e4sta r\u00e4knas<\/li>\n\n\n\n<li>T\u00e4vlingen 2026 spelas p\u00e5 Trackman &#8211; Barseb\u00e4ck, Ocean Course. App finns f\u00f6r iPhone och Android<\/li>\n\n\n\n<li>Klassindelning<br><strong>Juniorer<\/strong><br>Flickor 13-21 och Pojkar 13-21<br><strong>Paragolf <\/strong>&nbsp;&nbsp;&nbsp;&nbsp;&nbsp;&nbsp; <br>Spelas i en klass och spelas med hcp<br><strong>Senior&nbsp;<\/strong>&nbsp;&nbsp;&nbsp;&nbsp;&nbsp;&nbsp;&nbsp;&nbsp;&nbsp;<br>Damer:&nbsp;D22-D50, D60-D80<br>Herrar: H22-H40, H50-H60, H70-H80<\/li>\n\n\n\n<li>Spelform: individuell slaggolf,  scratch utom f\u00f6r paragolfarna som spelar med hcp.<\/li>\n\n\n\n<li>Tee: Flickjunior, D60-D80 orange tee, D22-D50 r\u00f6d tee<br>        Pojkjunior, H50-H60 gul tee, H70-H80 r\u00f6d tee, H22-H40 vit tee.<br><\/li>\n\n\n\n<li>Varje putt som \u00e4r max 2,4 meter l\u00e5ng r\u00e4knas som h\u00e5lad med n\u00e4sta slag (inst\u00e4llning i&nbsp;Trackman)<\/li>\n\n\n\n<li>Det kommer att vara 9 p\u00e5 stimpen och vackert v\u00e4der!<\/li>\n<\/ul>\n\n\n\n<p>Det kr\u00e4vs minst 5 spelare i varje klass f\u00f6r att det skall koras en m\u00e4stare\/m\u00e4starinna samt delas ut n\u00e5gra medaljer, om det blir f\u00e4rre deltagare s\u00e5 spelar man om \u00e4ran, alternativt kan man v\u00e4lja att spela i en yngre kategori. <\/p>\n\n\n\n<p><strong>Final<\/strong>, de fyra b\u00e4sta i varje klass g\u00f6r upp om segerna. Resultat fr\u00e5n tidigare spel nollst\u00e4lls. Finalen genomf\u00f6rs p\u00e5 Ruff den 28\/2-26. Juniorer och Para kommer att spela p\u00e5 annan plats.<br>Inga kostnader f\u00f6r simulatorn vid finaldeltagande.<br>Inbjudan skickas till de fyra b\u00e4sta, om n\u00e5gon tackar nej, g\u00e5r erbjudandet till n\u00e4sta i listan.<br><br><strong>OBS !! <\/strong>Efter att man har anm\u00e4lt sig via Mingolf s\u00e5 tar det lite tid innan man \u00e4r upplagd i t\u00e4vlingen i Trackman, det \u00e4r en manuell hantering som g\u00f6rs fortl\u00f6pande. <br>N\u00e4r du har f\u00e5tt din inbjudan fr\u00e5n trackman och accepterat den s\u00e5 kan du t\u00e4vla.<\/p>\n\n\n\n<p><\/p>\n\n\n\n<p><strong><a href=\"https:\/\/bdgf.se\/wp\/wp-content\/uploads\/2025\/12\/Tavlingsvillkor-BDGF-Indoors-DM-2026.pdf\">T\u00e4vlingsbest\u00e4mmelser<\/a><\/strong><\/p>\n\n\n\n<p><\/p>\n","protected":false},"excerpt":{"rendered":"<p>T\u00e4vlingskommitt\u00e9n inbjuder till DM klassindelat i indoorgolf 2026 \u00d6ppet f\u00f6r spel 1 januari till 22 februari Sista dag f\u00f6r anm\u00e4lan <a class=\"more-link\" href=\"https:\/\/bdgf.se\/wp\/simulator-golf-kategori-dm\/\">L\u00e4s mer &#8230;<\/a><\/p>\n","protected":false},"author":4,"featured_media":0,"parent":0,"menu_order":0,"comment_status":"closed","ping_status":"closed","template":"","meta":{"footnotes":""},"class_list":["post-6151","page","type-page","status-publish","hentry"],"_links":{"self":[{"href":"https:\/\/bdgf.se\/wp\/wp-json\/wp\/v2\/pages\/6151","targetHints":{"allow":["GET"]}}],"collection":[{"href":"https:\/\/bdgf.se\/wp\/wp-json\/wp\/v2\/pages"}],"about":[{"href":"https:\/\/bdgf.se\/wp\/wp-json\/wp\/v2\/types\/page"}],"author":[{"embeddable":true,"href":"https:\/\/bdgf.se\/wp\/wp-json\/wp\/v2\/users\/4"}],"replies":[{"embeddable":true,"href":"https:\/\/bdgf.se\/wp\/wp-json\/wp\/v2\/comments?post=6151"}],"version-history":[{"count":9,"href":"https:\/\/bdgf.se\/wp\/wp-json\/wp\/v2\/pages\/6151\/revisions"}],"predecessor-version":[{"id":6505,"href":"https:\/\/bdgf.se\/wp\/wp-json\/wp\/v2\/pages\/6151\/revisions\/6505"}],"wp:attachment":[{"href":"https:\/\/bdgf.se\/wp\/wp-json\/wp\/v2\/media?parent=6151"}],"curies":[{"name":"wp","href":"https:\/\/api.w.org\/{rel}","templated":true}]}}