{"id":645,"date":"2017-01-19T08:56:25","date_gmt":"2017-01-19T07:56:25","guid":{"rendered":"http:\/\/bdgf.se\/wp\/?page_id=645"},"modified":"2024-12-08T13:14:09","modified_gmt":"2024-12-08T12:14:09","slug":"valberedning","status":"publish","type":"page","link":"https:\/\/bdgf.se\/wp\/distriktet\/valberedning\/","title":{"rendered":"Valberedning"},"content":{"rendered":"<p>Medlemmar<\/p>\n<p>Kontakta g\u00e4rna oss f\u00f6r f\u00f6rslag och synpunkter inf\u00f6r \u00e5rsm\u00f6tet till h\u00f6sten!<\/p>\n<p>Ordf\u00f6rande:<br \/>Ola \u00c5hlund<br \/>Str\u00f6mstad GK<br \/>ola.ahlund@telia.com<br \/>tfn: 0708-25 26 50<\/p>\n<p>Ledamot:<br \/>Lena Arwedahl<br \/>Mellerud GK<br \/>lenagunilla68@gmail.com<br \/>tfn: 0736-83 73 03<\/p>\n<p>Ledamot:<br \/>Louise Persson<br \/>Skaft\u00f6 GK<br \/>sv011056@gmail.com<br \/>tfn: 0707-31 30 90<br \/><br \/><br \/><\/p>\n\n\n<p><\/p>\n","protected":false},"excerpt":{"rendered":"<p>Medlemmar Kontakta g\u00e4rna oss f\u00f6r f\u00f6rslag och synpunkter inf\u00f6r \u00e5rsm\u00f6tet till h\u00f6sten! Ordf\u00f6rande:Ola \u00c5hlundStr\u00f6mstad GKola.ahlund@telia.comtfn: 0708-25 26 50 Ledamot:Lena ArwedahlMellerud <a class=\"more-link\" href=\"https:\/\/bdgf.se\/wp\/distriktet\/valberedning\/\">L\u00e4s mer &#8230;<\/a><\/p>\n","protected":false},"author":4,"featured_media":0,"parent":678,"menu_order":0,"comment_status":"closed","ping_status":"closed","template":"","meta":{"footnotes":""},"class_list":["post-645","page","type-page","status-publish","hentry"],"_links":{"self":[{"href":"https:\/\/bdgf.se\/wp\/wp-json\/wp\/v2\/pages\/645","targetHints":{"allow":["GET"]}}],"collection":[{"href":"https:\/\/bdgf.se\/wp\/wp-json\/wp\/v2\/pages"}],"about":[{"href":"https:\/\/bdgf.se\/wp\/wp-json\/wp\/v2\/types\/page"}],"author":[{"embeddable":true,"href":"https:\/\/bdgf.se\/wp\/wp-json\/wp\/v2\/users\/4"}],"replies":[{"embeddable":true,"href":"https:\/\/bdgf.se\/wp\/wp-json\/wp\/v2\/comments?post=645"}],"version-history":[{"count":15,"href":"https:\/\/bdgf.se\/wp\/wp-json\/wp\/v2\/pages\/645\/revisions"}],"predecessor-version":[{"id":5940,"href":"https:\/\/bdgf.se\/wp\/wp-json\/wp\/v2\/pages\/645\/revisions\/5940"}],"up":[{"embeddable":true,"href":"https:\/\/bdgf.se\/wp\/wp-json\/wp\/v2\/pages\/678"}],"wp:attachment":[{"href":"https:\/\/bdgf.se\/wp\/wp-json\/wp\/v2\/media?parent=645"}],"curies":[{"name":"wp","href":"https:\/\/api.w.org\/{rel}","templated":true}]}}